{"id":824,"date":"2022-08-04T08:50:14","date_gmt":"2022-08-04T06:50:14","guid":{"rendered":"https:\/\/gpp.live-website.com\/?page_id=824"},"modified":"2022-12-05T15:45:20","modified_gmt":"2022-12-05T14:45:20","slug":"systementwicklung","status":"publish","type":"page","link":"https:\/\/gpp-com.de\/en\/systementwicklung\/","title":{"rendered":"System development"},"content":{"rendered":"<div data-elementor-type=\"wp-page\" data-elementor-id=\"824\" class=\"elementor elementor-824\" data-elementor-post-type=\"page\">\n\t\t\t\t\t\t<section class=\"has_eae_slider elementor-section elementor-top-section elementor-element elementor-element-750c8f5 elementor-section-boxed elementor-section-height-default elementor-section-height-default\" data-eae-slider=\"74312\" data-id=\"750c8f5\" data-element_type=\"section\">\n\t\t\t\t\t\t<div class=\"elementor-container elementor-column-gap-default\">\n\t\t\t\t\t<div class=\"has_eae_slider elementor-column elementor-col-100 elementor-top-column elementor-element elementor-element-d75fcc3\" data-eae-slider=\"44790\" data-id=\"d75fcc3\" data-element_type=\"column\">\n\t\t\t<div class=\"elementor-widget-wrap elementor-element-populated\">\n\t\t\t\t\t\t<div class=\"elementor-element elementor-element-67c32c6 elementor-widget elementor-widget-heading\" data-id=\"67c32c6\" data-element_type=\"widget\" data-widget_type=\"heading.default\">\n\t\t\t\t<div class=\"elementor-widget-container\">\n\t\t\t\t\t<h2 class=\"elementor-heading-title elementor-size-default\">System development<\/h2>\t\t\t\t<\/div>\n\t\t\t\t<\/div>\n\t\t\t\t\t<\/div>\n\t\t<\/div>\n\t\t\t\t\t<\/div>\n\t\t<\/section>\n\t\t\t\t<section class=\"has_eae_slider elementor-section elementor-top-section elementor-element elementor-element-91fd1c1 elementor-section-boxed elementor-section-height-default elementor-section-height-default\" data-eae-slider=\"61202\" data-id=\"91fd1c1\" data-element_type=\"section\">\n\t\t\t\t\t\t<div class=\"elementor-container elementor-column-gap-default\">\n\t\t\t\t\t<div class=\"has_eae_slider elementor-column elementor-col-100 elementor-top-column elementor-element elementor-element-b1dafdd\" data-eae-slider=\"25075\" data-id=\"b1dafdd\" data-element_type=\"column\">\n\t\t\t<div class=\"elementor-widget-wrap elementor-element-populated\">\n\t\t\t\t\t\t<div class=\"elementor-element elementor-element-1efc513 elementor-widget elementor-widget-text-editor\" data-id=\"1efc513\" data-element_type=\"widget\" data-widget_type=\"text-editor.default\">\n\t\t\t\t<div class=\"elementor-widget-container\">\n\t\t\t\t\t\t\t\t\t<p>Fully responsible execution of the development of technical systems in hardware and software, from requirements analysis to implementation, verification to the finished system.<\/p>\t\t\t\t\t\t\t\t<\/div>\n\t\t\t\t<\/div>\n\t\t\t\t\t<\/div>\n\t\t<\/div>\n\t\t\t\t\t<\/div>\n\t\t<\/section>\n\t\t\t\t<section class=\"has_eae_slider elementor-section elementor-top-section elementor-element elementor-element-8e1a3f6 elementor-section-boxed elementor-section-height-default elementor-section-height-default\" data-eae-slider=\"9087\" data-id=\"8e1a3f6\" data-element_type=\"section\">\n\t\t\t\t\t\t<div class=\"elementor-container elementor-column-gap-default\">\n\t\t\t\t\t<div class=\"has_eae_slider elementor-column elementor-col-100 elementor-top-column elementor-element elementor-element-f5b2acb\" data-eae-slider=\"52889\" data-id=\"f5b2acb\" data-element_type=\"column\">\n\t\t\t<div class=\"elementor-widget-wrap elementor-element-populated\">\n\t\t\t\t\t\t<div class=\"elementor-element elementor-element-245b23a elementor-widget-divider--view-line elementor-widget elementor-widget-divider\" data-id=\"245b23a\" data-element_type=\"widget\" data-widget_type=\"divider.default\">\n\t\t\t\t<div class=\"elementor-widget-container\">\n\t\t\t\t\t\t\t<div class=\"elementor-divider\">\n\t\t\t<span class=\"elementor-divider-separator\">\n\t\t\t\t\t\t<\/span>\n\t\t<\/div>\n\t\t\t\t\t\t<\/div>\n\t\t\t\t<\/div>\n\t\t\t\t\t<\/div>\n\t\t<\/div>\n\t\t\t\t\t<\/div>\n\t\t<\/section>\n\t\t\t\t<section class=\"has_eae_slider elementor-section elementor-top-section elementor-element elementor-element-b264c2a elementor-section-boxed elementor-section-height-default elementor-section-height-default\" data-eae-slider=\"62932\" data-id=\"b264c2a\" data-element_type=\"section\">\n\t\t\t\t\t\t<div class=\"elementor-container elementor-column-gap-default\">\n\t\t\t\t\t<div class=\"has_eae_slider elementor-column elementor-col-100 elementor-top-column elementor-element elementor-element-7aaf872\" data-eae-slider=\"94315\" data-id=\"7aaf872\" data-element_type=\"column\">\n\t\t\t<div class=\"elementor-widget-wrap elementor-element-populated\">\n\t\t\t\t\t\t<div class=\"elementor-element elementor-element-3898b46 elementor-widget elementor-widget-heading\" data-id=\"3898b46\" data-element_type=\"widget\" data-widget_type=\"heading.default\">\n\t\t\t\t<div class=\"elementor-widget-container\">\n\t\t\t\t\t<h4 class=\"elementor-heading-title elementor-size-default\">Examples<\/h4>\t\t\t\t<\/div>\n\t\t\t\t<\/div>\n\t\t\t\t<div class=\"elementor-element elementor-element-8de8f02 elementor-widget elementor-widget-accordion\" data-id=\"8de8f02\" data-element_type=\"widget\" data-widget_type=\"accordion.default\">\n\t\t\t\t<div class=\"elementor-widget-container\">\n\t\t\t\t\t\t\t<div class=\"elementor-accordion\">\n\t\t\t\t\t\t\t<div class=\"elementor-accordion-item\">\n\t\t\t\t\t<div id=\"elementor-tab-title-1481\" class=\"elementor-tab-title\" data-tab=\"1\" role=\"button\" aria-controls=\"elementor-tab-content-1481\" aria-expanded=\"false\">\n\t\t\t\t\t\t\t\t\t\t\t\t\t<span class=\"elementor-accordion-icon elementor-accordion-icon-left\" aria-hidden=\"true\">\n\t\t\t\t\t\t\t\t\t\t\t\t\t\t\t<span class=\"elementor-accordion-icon-closed\"><i class=\"fas fa-plus\"><\/i><\/span>\n\t\t\t\t\t\t\t\t<span class=\"elementor-accordion-icon-opened\"><i class=\"fas fa-minus\"><\/i><\/span>\n\t\t\t\t\t\t\t\t\t\t\t\t\t\t<\/span>\n\t\t\t\t\t\t\t\t\t\t\t\t<a class=\"elementor-accordion-title\" tabindex=\"0\">Protocol Analyzer for mobile networks<\/a>\n\t\t\t\t\t<\/div>\n\t\t\t\t\t<div id=\"elementor-tab-content-1481\" class=\"elementor-tab-content elementor-clearfix\" data-tab=\"1\" role=\"region\" aria-labelledby=\"elementor-tab-title-1481\"><p><img decoding=\"async\" class=\"wp-image-852 alignleft\" src=\"https:\/\/gpp-com.de\/wp-content\/uploads\/2022\/08\/systementwicklung2-300x188.png\" alt=\"\" width=\"250\" height=\"157\" srcset=\"https:\/\/gpp-com.de\/wp-content\/uploads\/2022\/08\/systementwicklung2-300x188.png 300w, https:\/\/gpp-com.de\/wp-content\/uploads\/2022\/08\/systementwicklung2.png 324w\" sizes=\"(max-width: 250px) 100vw, 250px\" \/>Due to constant progress in mobile communication, new communication protocols are constantly being developed. The devices from Rhode &amp; Schwarz enable testing of these protocols.<\/p><p>GPP develops software for these devices. In addition to the protocols, the comfortable user interface is also the focus of the implementations. GPP thus drives the innovations of communication technology.<\/p><\/div>\n\t\t\t\t<\/div>\n\t\t\t\t\t\t\t<div class=\"elementor-accordion-item\">\n\t\t\t\t\t<div id=\"elementor-tab-title-1482\" class=\"elementor-tab-title\" data-tab=\"2\" role=\"button\" aria-controls=\"elementor-tab-content-1482\" aria-expanded=\"false\">\n\t\t\t\t\t\t\t\t\t\t\t\t\t<span class=\"elementor-accordion-icon elementor-accordion-icon-left\" aria-hidden=\"true\">\n\t\t\t\t\t\t\t\t\t\t\t\t\t\t\t<span class=\"elementor-accordion-icon-closed\"><i class=\"fas fa-plus\"><\/i><\/span>\n\t\t\t\t\t\t\t\t<span class=\"elementor-accordion-icon-opened\"><i class=\"fas fa-minus\"><\/i><\/span>\n\t\t\t\t\t\t\t\t\t\t\t\t\t\t<\/span>\n\t\t\t\t\t\t\t\t\t\t\t\t<a class=\"elementor-accordion-title\" tabindex=\"0\">Software Platform f\u00fcr ein Laser-Projektionssystem<\/a>\n\t\t\t\t\t<\/div>\n\t\t\t\t\t<div id=\"elementor-tab-content-1482\" class=\"elementor-tab-content elementor-clearfix\" data-tab=\"2\" role=\"region\" aria-labelledby=\"elementor-tab-title-1482\"><p><img decoding=\"async\" class=\"wp-image-1306 alignleft\" src=\"https:\/\/gpp-com.de\/wp-content\/uploads\/2022\/12\/Farbraum-271x300.png\" alt=\"\" width=\"119\" height=\"132\" srcset=\"https:\/\/gpp-com.de\/wp-content\/uploads\/2022\/12\/Farbraum-271x300.png 271w, https:\/\/gpp-com.de\/wp-content\/uploads\/2022\/12\/Farbraum-924x1024.png 924w, https:\/\/gpp-com.de\/wp-content\/uploads\/2022\/12\/Farbraum-768x851.png 768w, https:\/\/gpp-com.de\/wp-content\/uploads\/2022\/12\/Farbraum-11x12.png 11w, https:\/\/gpp-com.de\/wp-content\/uploads\/2022\/12\/Farbraum.png 1356w\" sizes=\"(max-width: 119px) 100vw, 119px\" \/>F\u00fcr ein neues Consumer-Produkt hat GPP die Software entwickelt. Das GPP-Team hat dabei den gesamten Software-Prozess abgedeckt, um eine hohe Qualit\u00e4t der Ger\u00e4te-Funktionalit\u00e4t sicherzustellen. Bluetooth BLE geh\u00f6rt dabei zum Funktionsumfang wie ein anspruchsvolles Sicherheitsystem.<\/p><p>Die Rollen des Teams beinhalteten:<\/p><ul><li>Software project management<\/li><li>Software architecture and development<\/li><li>Development of test concept and test procedures<\/li><li>Integration and validation of product functionality<\/li><\/ul><\/div>\n\t\t\t\t<\/div>\n\t\t\t\t\t\t\t<div class=\"elementor-accordion-item\">\n\t\t\t\t\t<div id=\"elementor-tab-title-1483\" class=\"elementor-tab-title\" data-tab=\"3\" role=\"button\" aria-controls=\"elementor-tab-content-1483\" aria-expanded=\"false\">\n\t\t\t\t\t\t\t\t\t\t\t\t\t<span class=\"elementor-accordion-icon elementor-accordion-icon-left\" aria-hidden=\"true\">\n\t\t\t\t\t\t\t\t\t\t\t\t\t\t\t<span class=\"elementor-accordion-icon-closed\"><i class=\"fas fa-plus\"><\/i><\/span>\n\t\t\t\t\t\t\t\t<span class=\"elementor-accordion-icon-opened\"><i class=\"fas fa-minus\"><\/i><\/span>\n\t\t\t\t\t\t\t\t\t\t\t\t\t\t<\/span>\n\t\t\t\t\t\t\t\t\t\t\t\t<a class=\"elementor-accordion-title\" tabindex=\"0\">High-quality software development for consumer products<\/a>\n\t\t\t\t\t<\/div>\n\t\t\t\t\t<div id=\"elementor-tab-content-1483\" class=\"elementor-tab-content elementor-clearfix\" data-tab=\"3\" role=\"region\" aria-labelledby=\"elementor-tab-title-1483\"><p><img decoding=\"async\" class=\"wp-image-1282 alignleft\" src=\"https:\/\/gpp-com.de\/wp-content\/uploads\/2022\/12\/BT-demo-board-300x210.png\" alt=\"\" width=\"146\" height=\"102\" srcset=\"https:\/\/gpp-com.de\/wp-content\/uploads\/2022\/12\/BT-demo-board-300x210.png 300w, https:\/\/gpp-com.de\/wp-content\/uploads\/2022\/12\/BT-demo-board-18x12.png 18w, https:\/\/gpp-com.de\/wp-content\/uploads\/2022\/12\/BT-demo-board.png 702w\" sizes=\"(max-width: 146px) 100vw, 146px\" \/>F\u00fcr ein neues Consumer-Produkt hat GPP die Software entwickelt. Das GPP-Team hat dabei den gesamten Software-Prozess abgedeckt, um eine hohe Qualit\u00e4t der Ger\u00e4te-Funktionalit\u00e4t sicherzustellen. Bluetooth BLE geh\u00f6rt dabei zum Funktionsumfang wie ein anspruchsvolles Sicherheitsystem.<\/p><p>Die Rollen des Teams beinhalteten:<\/p><ul><li>Software project management<\/li><li>Software architecture and development<\/li><li>Development of test concept and test procedures<\/li><li>Integration and validation of product functionality<\/li><\/ul><\/div>\n\t\t\t\t<\/div>\n\t\t\t\t\t\t\t<div class=\"elementor-accordion-item\">\n\t\t\t\t\t<div id=\"elementor-tab-title-1484\" class=\"elementor-tab-title\" data-tab=\"4\" role=\"button\" aria-controls=\"elementor-tab-content-1484\" aria-expanded=\"false\">\n\t\t\t\t\t\t\t\t\t\t\t\t\t<span class=\"elementor-accordion-icon elementor-accordion-icon-left\" aria-hidden=\"true\">\n\t\t\t\t\t\t\t\t\t\t\t\t\t\t\t<span class=\"elementor-accordion-icon-closed\"><i class=\"fas fa-plus\"><\/i><\/span>\n\t\t\t\t\t\t\t\t<span class=\"elementor-accordion-icon-opened\"><i class=\"fas fa-minus\"><\/i><\/span>\n\t\t\t\t\t\t\t\t\t\t\t\t\t\t<\/span>\n\t\t\t\t\t\t\t\t\t\t\t\t<a class=\"elementor-accordion-title\" tabindex=\"0\">Digitization of government processes<\/a>\n\t\t\t\t\t<\/div>\n\t\t\t\t\t<div id=\"elementor-tab-content-1484\" class=\"elementor-tab-content elementor-clearfix\" data-tab=\"4\" role=\"region\" aria-labelledby=\"elementor-tab-title-1484\"><p style=\"text-align: left;\"><img loading=\"lazy\" decoding=\"async\" class=\"wp-image-1129 alignleft\" src=\"https:\/\/gpp-com.de\/wp-content\/uploads\/2022\/09\/digitalisierung-von-behoerdengaengen.png\" alt=\"\" width=\"250\" height=\"277\" srcset=\"https:\/\/gpp-com.de\/wp-content\/uploads\/2022\/09\/digitalisierung-von-behoerdengaengen.png 149w, https:\/\/gpp-com.de\/wp-content\/uploads\/2022\/09\/digitalisierung-von-behoerdengaengen-11x12.png 11w\" sizes=\"(max-width: 250px) 100vw, 250px\" \/>In Zusammenarbeit mit Beh\u00f6rden \u00a0entwickelt GPP Anwendungen, die Beh\u00f6rdeng\u00e4nge f\u00fcr die B\u00fcrger online bereitstellen. Die Digitalisierung dieser Anwendungen f\u00fchrt auch zu einer Reduzierung der Aufw\u00e4nde in den Beh\u00f6rden.<\/p><p>GPP has introduced a systematic requirement management to organize the complex project situation.<\/p><p>GPP develops the system design and programs and tests the applications.<\/p><p>GPP\/AKDB's digitized solutions are used at the federal, state and local level.<\/p><\/div>\n\t\t\t\t<\/div>\n\t\t\t\t\t\t\t\t<\/div>\n\t\t\t\t\t\t<\/div>\n\t\t\t\t<\/div>\n\t\t\t\t\t<\/div>\n\t\t<\/div>\n\t\t\t\t\t<\/div>\n\t\t<\/section>\n\t\t\t\t<section class=\"has_eae_slider elementor-section elementor-top-section elementor-element elementor-element-ffdbc23 elementor-section-boxed elementor-section-height-default elementor-section-height-default\" data-eae-slider=\"83797\" data-id=\"ffdbc23\" data-element_type=\"section\">\n\t\t\t\t\t\t<div class=\"elementor-container elementor-column-gap-default\">\n\t\t\t\t\t<div class=\"has_eae_slider elementor-column elementor-col-100 elementor-top-column elementor-element elementor-element-65dfb49\" data-eae-slider=\"89448\" data-id=\"65dfb49\" data-element_type=\"column\">\n\t\t\t<div class=\"elementor-widget-wrap\">\n\t\t\t\t\t\t\t<\/div>\n\t\t<\/div>\n\t\t\t\t\t<\/div>\n\t\t<\/section>\n\t\t\t\t<section class=\"has_eae_slider elementor-section elementor-top-section elementor-element elementor-element-40cbaa9 elementor-section-boxed elementor-section-height-default elementor-section-height-default\" data-eae-slider=\"70153\" data-id=\"40cbaa9\" data-element_type=\"section\">\n\t\t\t\t\t\t<div class=\"elementor-container elementor-column-gap-default\">\n\t\t\t\t\t<div class=\"has_eae_slider elementor-column elementor-col-100 elementor-top-column elementor-element elementor-element-c9fdb66\" data-eae-slider=\"30209\" data-id=\"c9fdb66\" data-element_type=\"column\">\n\t\t\t<div class=\"elementor-widget-wrap\">\n\t\t\t\t\t\t\t<\/div>\n\t\t<\/div>\n\t\t\t\t\t<\/div>\n\t\t<\/section>\n\t\t\t\t<\/div>","protected":false},"excerpt":{"rendered":"<p>Systementwicklung Vollverantwortliche Durchf\u00fchrung der Entwicklung technischer Systeme in Hardware und Software, von der Anforderungsanalyse bis zum fertigen System. Beispiele Protocol Analyzer f\u00fcr Mobile Netze Durch st\u00e4ndigen Fortschritt in der mobilen Kommunikation werden laufend neue Kommunikationsprotokolle entwickelt. Die Ger\u00e4te von Rhode &amp; Schwarz erm\u00f6glichen das Testen dieser Protokolle. GPP entwickelt Software f\u00fcr diese Ger\u00e4te. Neben den [&hellip;]<\/p>","protected":false},"author":5,"featured_media":0,"parent":0,"menu_order":0,"comment_status":"closed","ping_status":"closed","template":"","meta":{"ocean_post_layout":"","ocean_both_sidebars_style":"","ocean_both_sidebars_content_width":0,"ocean_both_sidebars_sidebars_width":0,"ocean_sidebar":"","ocean_second_sidebar":"","ocean_disable_margins":"enable","ocean_add_body_class":"","ocean_shortcode_before_top_bar":"","ocean_shortcode_after_top_bar":"","ocean_shortcode_before_header":"","ocean_shortcode_after_header":"","ocean_has_shortcode":"","ocean_shortcode_after_title":"","ocean_shortcode_before_footer_widgets":"","ocean_shortcode_after_footer_widgets":"","ocean_shortcode_before_footer_bottom":"","ocean_shortcode_after_footer_bottom":"","ocean_display_top_bar":"default","ocean_display_header":"default","ocean_header_style":"","ocean_center_header_left_menu":"","ocean_custom_header_template":"","ocean_custom_logo":0,"ocean_custom_retina_logo":0,"ocean_custom_logo_max_width":0,"ocean_custom_logo_tablet_max_width":0,"ocean_custom_logo_mobile_max_width":0,"ocean_custom_logo_max_height":0,"ocean_custom_logo_tablet_max_height":0,"ocean_custom_logo_mobile_max_height":0,"ocean_header_custom_menu":"","ocean_menu_typo_font_family":"","ocean_menu_typo_font_subset":"","ocean_menu_typo_font_size":0,"ocean_menu_typo_font_size_tablet":0,"ocean_menu_typo_font_size_mobile":0,"ocean_menu_typo_font_size_unit":"px","ocean_menu_typo_font_weight":"","ocean_menu_typo_font_weight_tablet":"","ocean_menu_typo_font_weight_mobile":"","ocean_menu_typo_transform":"","ocean_menu_typo_transform_tablet":"","ocean_menu_typo_transform_mobile":"","ocean_menu_typo_line_height":0,"ocean_menu_typo_line_height_tablet":0,"ocean_menu_typo_line_height_mobile":0,"ocean_menu_typo_line_height_unit":"","ocean_menu_typo_spacing":0,"ocean_menu_typo_spacing_tablet":0,"ocean_menu_typo_spacing_mobile":0,"ocean_menu_typo_spacing_unit":"","ocean_menu_link_color":"","ocean_menu_link_color_hover":"","ocean_menu_link_color_active":"","ocean_menu_link_background":"","ocean_menu_link_hover_background":"","ocean_menu_link_active_background":"","ocean_menu_social_links_bg":"","ocean_menu_social_hover_links_bg":"","ocean_menu_social_links_color":"","ocean_menu_social_hover_links_color":"","ocean_disable_title":"default","ocean_disable_heading":"default","ocean_post_title":"","ocean_post_subheading":"","ocean_post_title_style":"","ocean_post_title_background_color":"","ocean_post_title_background":0,"ocean_post_title_bg_image_position":"","ocean_post_title_bg_image_attachment":"","ocean_post_title_bg_image_repeat":"","ocean_post_title_bg_image_size":"","ocean_post_title_height":0,"ocean_post_title_bg_overlay":0.5,"ocean_post_title_bg_overlay_color":"","ocean_disable_breadcrumbs":"default","ocean_breadcrumbs_color":"","ocean_breadcrumbs_separator_color":"","ocean_breadcrumbs_links_color":"","ocean_breadcrumbs_links_hover_color":"","ocean_display_footer_widgets":"default","ocean_display_footer_bottom":"default","ocean_custom_footer_template":"","footnotes":""},"class_list":["post-824","page","type-page","status-publish","hentry","entry"],"_links":{"self":[{"href":"https:\/\/gpp-com.de\/en\/wp-json\/wp\/v2\/pages\/824","targetHints":{"allow":["GET"]}}],"collection":[{"href":"https:\/\/gpp-com.de\/en\/wp-json\/wp\/v2\/pages"}],"about":[{"href":"https:\/\/gpp-com.de\/en\/wp-json\/wp\/v2\/types\/page"}],"author":[{"embeddable":true,"href":"https:\/\/gpp-com.de\/en\/wp-json\/wp\/v2\/users\/5"}],"replies":[{"embeddable":true,"href":"https:\/\/gpp-com.de\/en\/wp-json\/wp\/v2\/comments?post=824"}],"version-history":[{"count":55,"href":"https:\/\/gpp-com.de\/en\/wp-json\/wp\/v2\/pages\/824\/revisions"}],"predecessor-version":[{"id":1309,"href":"https:\/\/gpp-com.de\/en\/wp-json\/wp\/v2\/pages\/824\/revisions\/1309"}],"wp:attachment":[{"href":"https:\/\/gpp-com.de\/en\/wp-json\/wp\/v2\/media?parent=824"}],"curies":[{"name":"wp","href":"https:\/\/api.w.org\/{rel}","templated":true}]}}