{"id":39,"date":"2020-09-21T07:59:42","date_gmt":"2020-09-21T05:59:42","guid":{"rendered":"http:\/\/localhost:8888\/GPP\/?page_id=39"},"modified":"2022-12-02T13:47:28","modified_gmt":"2022-12-02T12:47:28","slug":"impressum","status":"publish","type":"page","link":"https:\/\/gpp-com.de\/en\/impressum\/","title":{"rendered":"Imprint"},"content":{"rendered":"<h2>Imprint<\/h2>\n<p>This website is operated by GPP Communication GmbH &amp; Co. KG. GPP Communication is legally represented by the managing directors Dr. Helmut Lagger and Dr. Martin Schwab.<br \/>\nGPP Communication is registered in the Commercial Register of the Munich District Court under the number HRA 107293.<br \/>\nThe VAT identification number of GPP Communication is DE 256228693.<\/p>\n<p>GPP Communication GmbH &amp; Co. KG<br \/>\nKolpingring 18, 82041 Oberhaching<br \/>\nPhone: 089 61304-<wbr \/>229, info@gpp-<wbr \/>com.de<\/p>\n<h3>General Terms and Conditions of Purchase and Ordering (GTCP)<\/h3>\n<h4>Copyright<\/h4>\n<p class=\"translation-block\">The contents of the GPP Communication GmbH &amp; Co. KG are subject - unless otherwise indicated - to copyright and may not be distributed, modified or copied in whole or in part without the prior written consent of GPP Communication. The images included on this website may not be used without the prior written consent of GPP Communication. Some of the images contained on the websites are subject to the copyright of third parties.<\/p>\n<h4>Disclaimer<\/h4>\n<p>Die Website der GPP Communication GmbH &amp; Co. KG was created with the greatest care. Nevertheless, no guarantee is given for the correctness and completeness of the information contained. Any liability for damages arising directly or indirectly from the use of this website is excluded, insofar as these are not based on intent or gross negligence.<br \/>\nOur information offer contains links to external websites of third parties, on whose contents we have no influence. Therefore, we cannot assume any liability for these external contents. The respective provider or operator of the pages is always responsible for the content of the linked pages. The linked pages were checked for possible legal violations at the time of linking. Illegal contents were not recognisable at the time of linking. However, a permanent control of the contents of the linked pages is not reasonable without concrete indications of a violation of the law. Upon becoming aware of<br \/>\ninfringements of the law, we will remove such links immediately.<\/p>","protected":false},"excerpt":{"rendered":"<p>Impressum Diese Website wird von der GPP Communication GmbH &amp; Co. KG betrieben. Die GPP Communication wird gesetzlich vertreten\u00a0durch die Gesch\u00e4ftsf\u00fchrer Dr. Helmut Lagger und Dr. Martin Schwab. Die GPP Communication ist im Handelsregister des Amtsgerichts M\u00fcnchen unter der Nummer HRA 107293 eingetragen. Die Umsatzsteueridentifikationsnummer der GPP Communication lautet DE 256228693. GPP Communication GmbH &amp; [&hellip;]<\/p>","protected":false},"author":2,"featured_media":0,"parent":0,"menu_order":0,"comment_status":"closed","ping_status":"closed","template":"","meta":{"ocean_post_layout":"","ocean_both_sidebars_style":"","ocean_both_sidebars_content_width":0,"ocean_both_sidebars_sidebars_width":0,"ocean_sidebar":"0","ocean_second_sidebar":"0","ocean_disable_margins":"enable","ocean_add_body_class":"","ocean_shortcode_before_top_bar":"","ocean_shortcode_after_top_bar":"","ocean_shortcode_before_header":"","ocean_shortcode_after_header":"","ocean_has_shortcode":"","ocean_shortcode_after_title":"","ocean_shortcode_before_footer_widgets":"","ocean_shortcode_after_footer_widgets":"","ocean_shortcode_before_footer_bottom":"","ocean_shortcode_after_footer_bottom":"","ocean_display_top_bar":"default","ocean_display_header":"default","ocean_header_style":"","ocean_center_header_left_menu":"0","ocean_custom_header_template":"0","ocean_custom_logo":0,"ocean_custom_retina_logo":0,"ocean_custom_logo_max_width":0,"ocean_custom_logo_tablet_max_width":0,"ocean_custom_logo_mobile_max_width":0,"ocean_custom_logo_max_height":0,"ocean_custom_logo_tablet_max_height":0,"ocean_custom_logo_mobile_max_height":0,"ocean_header_custom_menu":"0","ocean_menu_typo_font_family":"0","ocean_menu_typo_font_subset":"","ocean_menu_typo_font_size":0,"ocean_menu_typo_font_size_tablet":0,"ocean_menu_typo_font_size_mobile":0,"ocean_menu_typo_font_size_unit":"px","ocean_menu_typo_font_weight":"","ocean_menu_typo_font_weight_tablet":"","ocean_menu_typo_font_weight_mobile":"","ocean_menu_typo_transform":"","ocean_menu_typo_transform_tablet":"","ocean_menu_typo_transform_mobile":"","ocean_menu_typo_line_height":0,"ocean_menu_typo_line_height_tablet":0,"ocean_menu_typo_line_height_mobile":0,"ocean_menu_typo_line_height_unit":"","ocean_menu_typo_spacing":0,"ocean_menu_typo_spacing_tablet":0,"ocean_menu_typo_spacing_mobile":0,"ocean_menu_typo_spacing_unit":"","ocean_menu_link_color":"","ocean_menu_link_color_hover":"","ocean_menu_link_color_active":"","ocean_menu_link_background":"","ocean_menu_link_hover_background":"","ocean_menu_link_active_background":"","ocean_menu_social_links_bg":"","ocean_menu_social_hover_links_bg":"","ocean_menu_social_links_color":"","ocean_menu_social_hover_links_color":"","ocean_disable_title":"default","ocean_disable_heading":"default","ocean_post_title":"","ocean_post_subheading":"","ocean_post_title_style":"","ocean_post_title_background_color":"","ocean_post_title_background":0,"ocean_post_title_bg_image_position":"","ocean_post_title_bg_image_attachment":"","ocean_post_title_bg_image_repeat":"","ocean_post_title_bg_image_size":"","ocean_post_title_height":0,"ocean_post_title_bg_overlay":0.5,"ocean_post_title_bg_overlay_color":"","ocean_disable_breadcrumbs":"default","ocean_breadcrumbs_color":"","ocean_breadcrumbs_separator_color":"","ocean_breadcrumbs_links_color":"","ocean_breadcrumbs_links_hover_color":"","ocean_display_footer_widgets":"default","ocean_display_footer_bottom":"default","ocean_custom_footer_template":"0","footnotes":""},"class_list":["post-39","page","type-page","status-publish","hentry","entry"],"_links":{"self":[{"href":"https:\/\/gpp-com.de\/en\/wp-json\/wp\/v2\/pages\/39","targetHints":{"allow":["GET"]}}],"collection":[{"href":"https:\/\/gpp-com.de\/en\/wp-json\/wp\/v2\/pages"}],"about":[{"href":"https:\/\/gpp-com.de\/en\/wp-json\/wp\/v2\/types\/page"}],"author":[{"embeddable":true,"href":"https:\/\/gpp-com.de\/en\/wp-json\/wp\/v2\/users\/2"}],"replies":[{"embeddable":true,"href":"https:\/\/gpp-com.de\/en\/wp-json\/wp\/v2\/comments?post=39"}],"version-history":[{"count":3,"href":"https:\/\/gpp-com.de\/en\/wp-json\/wp\/v2\/pages\/39\/revisions"}],"predecessor-version":[{"id":1255,"href":"https:\/\/gpp-com.de\/en\/wp-json\/wp\/v2\/pages\/39\/revisions\/1255"}],"wp:attachment":[{"href":"https:\/\/gpp-com.de\/en\/wp-json\/wp\/v2\/media?parent=39"}],"curies":[{"name":"wp","href":"https:\/\/api.w.org\/{rel}","templated":true}]}}